{"id":537,"date":"2023-11-02T17:44:27","date_gmt":"2023-11-02T17:44:27","guid":{"rendered":"https:\/\/serviciosonly.com\/?page_id=537"},"modified":"2026-03-23T01:55:25","modified_gmt":"2026-03-23T01:55:25","slug":"seguimiento-de-celulares","status":"publish","type":"page","link":"https:\/\/serviciosonly.com\/en\/seguimiento-de-celulares\/","title":{"rendered":"Cell phone tracking"},"content":{"rendered":"<div data-elementor-type=\"wp-page\" data-elementor-id=\"537\" class=\"elementor elementor-537\">\n\t\t\t\t\t\t<section class=\"elementor-section elementor-top-section elementor-element elementor-element-888a1c8 elementor-section-boxed elementor-section-height-default elementor-section-height-default\" data-id=\"888a1c8\" data-element_type=\"section\" data-e-type=\"section\" data-settings=\"{&quot;background_background&quot;:&quot;gradient&quot;}\">\n\t\t\t\t\t\t<div class=\"elementor-container elementor-column-gap-default\">\n\t\t\t\t\t<div class=\"elementor-column elementor-col-100 elementor-top-column elementor-element elementor-element-e6a8382\" data-id=\"e6a8382\" data-element_type=\"column\" data-e-type=\"column\">\n\t\t\t<div class=\"elementor-widget-wrap elementor-element-populated\">\n\t\t\t\t\t\t<div class=\"elementor-element elementor-element-880737c elementor-widget__width-initial elementor-invisible elementor-widget elementor-widget-image-box\" data-id=\"880737c\" data-element_type=\"widget\" data-e-type=\"widget\" data-settings=\"{&quot;_animation&quot;:&quot;fadeInDown&quot;}\" data-widget_type=\"image-box.default\">\n\t\t\t\t<div class=\"elementor-widget-container\">\n\t\t\t\t\t<div class=\"elementor-image-box-wrapper\"><div class=\"elementor-image-box-content\"><h1 class=\"elementor-image-box-title\">Seguimiento GPS por celular<\/h1><p class=\"elementor-image-box-description\">Control from anywhere<\/p><\/div><\/div>\t\t\t\t<\/div>\n\t\t\t\t<\/div>\n\t\t\t\t\t<\/div>\n\t\t<\/div>\n\t\t\t\t\t<\/div>\n\t\t<\/section>\n\t\t\t\t<section class=\"elementor-section elementor-top-section elementor-element elementor-element-09ba7db elementor-section-boxed elementor-section-height-default elementor-section-height-default\" data-id=\"09ba7db\" data-element_type=\"section\" data-e-type=\"section\">\n\t\t\t\t\t\t<div class=\"elementor-container elementor-column-gap-default\">\n\t\t\t\t\t<div class=\"elementor-column elementor-col-100 elementor-top-column elementor-element elementor-element-2d8c94c\" data-id=\"2d8c94c\" data-element_type=\"column\" data-e-type=\"column\">\n\t\t\t<div class=\"elementor-widget-wrap elementor-element-populated\">\n\t\t\t\t\t\t<div class=\"elementor-element elementor-element-8b57fca elementor-widget elementor-widget-html\" data-id=\"8b57fca\" data-element_type=\"widget\" data-e-type=\"widget\" data-widget_type=\"html.default\">\n\t\t\t\t<div class=\"elementor-widget-container\">\n\t\t\t\t\t<section class=\"so-track\">\r\n\r\n  <div class=\"so-wrap\">\r\n\r\n    <!-- HERO -->\r\n    <div class=\"so-hero\">\r\n      <h1>Software de seguimiento para vendedores en la calle<\/h1>\r\n      <p>\r\n        Control\u00e1 ubicaci\u00f3n, recorridos y productividad de tu equipo comercial en tiempo real desde una sola plataforma.\r\n      <\/p>\r\n    <\/div>\r\n\r\n    <!-- BLOQUE PRINCIPAL -->\r\n    <div class=\"so-grid-hero\">\r\n\r\n      <div>\r\n        <img decoding=\"async\" src=\"https:\/\/serviciosonly.com\/wp-content\/uploads\/2024\/07\/equimeta-44.png\" alt=\"Seguimiento GPS vendedores\">\r\n      <\/div>\r\n\r\n      <div class=\"so-text\">\r\n        <h2>Todo el control en una sola app<\/h2>\r\n\r\n        <p>\r\n          Supervis\u00e1 a tu equipo de ventas en la calle sin llamadas ni planillas. \r\n          Acced\u00e9 a informaci\u00f3n en tiempo real sobre <strong>ubicaci\u00f3n, asistencia y tareas<\/strong>.\r\n        <\/p>\r\n\r\n        <p>\r\n          Ideal para empresas con vendedores, preventistas, t\u00e9cnicos o equipos comerciales distribuidos.\r\n        <\/p>\r\n\r\n        <div class=\"so-buttons\">\r\n          <a href=\"https:\/\/serviciosonly.com\/en\/contacto\/\" class=\"so-btn\">Solicitar demo<\/a>\r\n        <\/div>\r\n      <\/div>\r\n\r\n    <\/div>\r\n\r\n    <!-- BENEFICIOS -->\r\n    <div class=\"so-section\">\r\n      <h2>\u00bfQu\u00e9 incluye el software?<\/h2>\r\n\r\n      <div class=\"so-cards\">\r\n\r\n        <div class=\"so-card\">\r\n          <h3>Ubicaci\u00f3n en tiempo real<\/h3>\r\n          <p>Visualiz\u00e1 d\u00f3nde est\u00e1 cada vendedor durante la jornada.<\/p>\r\n        <\/div>\r\n\r\n        <div class=\"so-card\">\r\n          <h3>Control de rutas<\/h3>\r\n          <p>Analiz\u00e1 recorridos y optimiz\u00e1 zonas comerciales.<\/p>\r\n        <\/div>\r\n\r\n        <div class=\"so-card\">\r\n          <h3>Registro de visitas<\/h3>\r\n          <p>Valid\u00e1 cada cliente visitado con informaci\u00f3n real.<\/p>\r\n        <\/div>\r\n\r\n        <div class=\"so-card\">\r\n          <h3>Gesti\u00f3n de tareas<\/h3>\r\n          <p>Asign\u00e1 actividades y control\u00e1 el cumplimiento.<\/p>\r\n        <\/div>\r\n\r\n      <\/div>\r\n    <\/div>\r\n\r\n    <!-- CTA -->\r\n    <div class=\"so-cta\">\r\n      <div class=\"so-cta-content\">\r\n        <h2>Mejor\u00e1 la productividad de tu equipo<\/h2>\r\n        <p>Tom\u00e1 decisiones con datos reales y optimiz\u00e1 tu operaci\u00f3n comercial.<\/p>\r\n\r\n        <a href=\"https:\/\/serviciosonly.com\/en\/contacto\/\" class=\"so-btn\">\r\n          Probar sistema\r\n        <\/a>\r\n      <\/div>\r\n    <\/div>\r\n\r\n    <!-- BENEFICIOS EMPRESA -->\r\n    <div class=\"so-section\">\r\n      <h2>Why is it useful for your company?<\/h2>\r\n\r\n      <div class=\"so-grid\">\r\n\r\n        <div>\r\n          <ul>\r\n            <li>\u2714 Mayor control y visibilidad<\/li>\r\n            <li>\u2714 Mejora en la productividad<\/li>\r\n            <li>\u2714 Optimizaci\u00f3n de recorridos<\/li>\r\n          <\/ul>\r\n        <\/div>\r\n\r\n        <div>\r\n          <ul>\r\n            <li>\u2714 Reducci\u00f3n de costos operativos<\/li>\r\n            <li>\u2714 Mejor atenci\u00f3n al cliente<\/li>\r\n            <li>\u2714 Reportes autom\u00e1ticos<\/li>\r\n          <\/ul>\r\n        <\/div>\r\n\r\n      <\/div>\r\n    <\/div>\r\n\r\n    <!-- FAQ -->\r\n    <div class=\"so-faq\">\r\n      <h2>Frequently Asked Questions<\/h2>\r\n\r\n      <div class=\"so-faq-item\">\r\n        <h3>\u00bfC\u00f3mo funciona el seguimiento de vendedores?<\/h3>\r\n        <p>Mediante una app que registra ubicaci\u00f3n, recorridos y actividad en tiempo real.<\/p>\r\n      <\/div>\r\n\r\n      <div class=\"so-faq-item\">\r\n        <h3>\u00bfSe puede controlar la asistencia?<\/h3>\r\n        <p>S\u00ed, el sistema permite registrar horarios de inicio, fin y actividad diaria.<\/p>\r\n      <\/div>\r\n\r\n      <div class=\"so-faq-item\">\r\n        <h3>\u00bfEs complicado de usar?<\/h3>\r\n        <p>No, est\u00e1 dise\u00f1ado para ser simple y f\u00e1cil de implementar.<\/p>\r\n      <\/div>\r\n\r\n      <div class=\"so-faq-item\">\r\n        <h3>\u00bfPara qu\u00e9 tipo de empresas sirve?<\/h3>\r\n        <p>Para cualquier empresa con vendedores, t\u00e9cnicos o personal en la calle.<\/p>\r\n      <\/div>\r\n\r\n    <\/div>\r\n\r\n  <\/div>\r\n<\/section>\r\n\r\n<style>\r\n.so-track{padding:70px 0;font-family:Arial, sans-serif;}\r\n.so-wrap{max-width:1100px;margin:auto;padding:0 20px;}\r\n\r\n.so-hero{text-align:center;margin-bottom:60px;}\r\n.so-hero h1{font-size:40px;color:#122746;}\r\n.so-hero p{max-width:700px;margin:auto;color:#5e6b80;}\r\n\r\n.so-grid-hero{\r\n  display:grid;\r\n  grid-template-columns:1fr 1fr;\r\n  gap:40px;\r\n  align-items:center;\r\n  margin-bottom:60px;\r\n}\r\n\r\n.so-grid-hero img{\r\n  width:100%;\r\n  border-radius:14px;\r\n}\r\n\r\n.so-text h2{font-size:28px;color:#122746;}\r\n.so-text p{color:#5e6b80;line-height:1.7;}\r\n\r\n.so-btn{\r\n  display:inline-block;\r\n  background:#25D366;\r\n  padding:10px 20px;\r\n  border-radius:30px;\r\n  text-decoration:none;\r\n  color:#000;\r\n  margin-top:15px;\r\n}\r\n\r\n.so-cards{\r\n  display:grid;\r\n  grid-template-columns:repeat(4,1fr);\r\n  gap:15px;\r\n}\r\n\r\n.so-card{\r\n  background:#f7f9fc;\r\n  padding:20px;\r\n  border-radius:12px;\r\n}\r\n\r\n.so-section{margin-bottom:60px;}\r\n\r\n.so-grid{\r\n  display:grid;\r\n  grid-template-columns:1fr 1fr;\r\n  gap:20px;\r\n}\r\n\r\n.so-cta{\r\n  background:linear-gradient(135deg, #12316a, #2f5ed7);\r\n  color:#fff;\r\n  padding:50px;\r\n  border-radius:14px;\r\n  text-align:center;\r\n  margin-bottom:60px;\r\n}\r\n\r\n.so-cta h2{color:#fff;}\r\n.so-cta p{color:#fff;}\r\n\r\n.so-faq-item{\r\n  background:#f7f9fc;\r\n  padding:20px;\r\n  border-radius:10px;\r\n  margin-bottom:10px;\r\n}\r\n\r\n@media(max-width:768px){\r\n  .so-grid-hero{grid-template-columns:1fr;}\r\n  .so-cards{grid-template-columns:1fr;}\r\n  .so-grid{grid-template-columns:1fr;}\r\n}\r\n<\/style>\t\t\t\t<\/div>\n\t\t\t\t<\/div>\n\t\t\t\t\t<\/div>\n\t\t<\/div>\n\t\t\t\t\t<\/div>\n\t\t<\/section>\n\t\t\t\t<section class=\"elementor-section elementor-top-section elementor-element elementor-element-bfb260b elementor-section-boxed elementor-section-height-default elementor-section-height-default\" data-id=\"bfb260b\" data-element_type=\"section\" data-e-type=\"section\">\n\t\t\t\t\t\t<div class=\"elementor-container elementor-column-gap-default\">\n\t\t\t\t\t<div class=\"elementor-column elementor-col-100 elementor-top-column elementor-element elementor-element-ae3fd7d\" data-id=\"ae3fd7d\" data-element_type=\"column\" data-e-type=\"column\">\n\t\t\t<div class=\"elementor-widget-wrap elementor-element-populated\">\n\t\t\t\t\t\t\t<\/div>\n\t\t<\/div>\n\t\t\t\t\t<\/div>\n\t\t<\/section>\n\t\t\t\t<\/div>","protected":false},"excerpt":{"rendered":"<p>Seguimiento GPS por celular Control desde cualquier lugar Software de seguimiento para vendedores en la calle Control\u00e1 ubicaci\u00f3n, recorridos y productividad de tu equipo comercial en tiempo real desde una sola plataforma. Todo el control en una sola app Supervis\u00e1 a tu equipo de ventas en la calle sin llamadas ni planillas. Acced\u00e9 a informaci\u00f3n [&hellip;]<\/p>\n","protected":false},"author":1,"featured_media":1035,"parent":0,"menu_order":0,"comment_status":"closed","ping_status":"closed","template":"","meta":{"nf_dc_page":"","om_disable_all_campaigns":false,"site-sidebar-layout":"no-sidebar","site-content-layout":"page-builder","ast-site-content-layout":"full-width-container","site-content-style":"default","site-sidebar-style":"default","ast-global-header-display":"","ast-banner-title-visibility":"","ast-main-header-display":"","ast-hfb-above-header-display":"","ast-hfb-below-header-display":"","ast-hfb-mobile-header-display":"","site-post-title":"disabled","ast-breadcrumbs-content":"","ast-featured-img":"disabled","footer-sml-layout":"","ast-disable-related-posts":"","theme-transparent-header-meta":"","adv-header-id-meta":"","stick-header-meta":"","header-above-stick-meta":"","header-main-stick-meta":"","header-below-stick-meta":"","astra-migrate-meta-layouts":"set","ast-page-background-enabled":"default","ast-page-background-meta":{"desktop":{"background-color":"var(--ast-global-color-4)","background-image":"","background-repeat":"repeat","background-position":"center center","background-size":"auto","background-attachment":"scroll","background-type":"","background-media":"","overlay-type":"","overlay-color":"","overlay-opacity":"","overlay-gradient":""},"tablet":{"background-color":"","background-image":"","background-repeat":"repeat","background-position":"center center","background-size":"auto","background-attachment":"scroll","background-type":"","background-media":"","overlay-type":"","overlay-color":"","overlay-opacity":"","overlay-gradient":""},"mobile":{"background-color":"","background-image":"","background-repeat":"repeat","background-position":"center center","background-size":"auto","background-attachment":"scroll","background-type":"","background-media":"","overlay-type":"","overlay-color":"","overlay-opacity":"","overlay-gradient":""}},"ast-content-background-meta":{"desktop":{"background-color":"var(--ast-global-color-5)","background-image":"","background-repeat":"repeat","background-position":"center center","background-size":"auto","background-attachment":"scroll","background-type":"","background-media":"","overlay-type":"","overlay-color":"","overlay-opacity":"","overlay-gradient":""},"tablet":{"background-color":"var(--ast-global-color-5)","background-image":"","background-repeat":"repeat","background-position":"center center","background-size":"auto","background-attachment":"scroll","background-type":"","background-media":"","overlay-type":"","overlay-color":"","overlay-opacity":"","overlay-gradient":""},"mobile":{"background-color":"var(--ast-global-color-5)","background-image":"","background-repeat":"repeat","background-position":"center center","background-size":"auto","background-attachment":"scroll","background-type":"","background-media":"","overlay-type":"","overlay-color":"","overlay-opacity":"","overlay-gradient":""}},"_joinchat":[],"footnotes":""},"class_list":["post-537","page","type-page","status-publish","has-post-thumbnail","hentry"],"yoast_head":"<!-- This site is optimized with the Yoast SEO plugin v27.4 - https:\/\/yoast.com\/product\/yoast-seo-wordpress\/ -->\n<title>Seguimiento de celulares - Servicios Only<\/title>\n<meta name=\"description\" content=\"Control\u00e1 y monitore\u00e1 a tus empleados en la calle con software GPS para empresas. Registro de recorridos, geocercas, alertas y reportes autom\u00e1ticos.\" \/>\n<meta name=\"robots\" content=\"index, follow, max-snippet:-1, max-image-preview:large, max-video-preview:-1\" \/>\n<link rel=\"canonical\" href=\"https:\/\/serviciosonly.com\/en\/seguimiento-de-celulares\/\" \/>\n<meta property=\"og:locale\" content=\"en_US\" \/>\n<meta property=\"og:type\" content=\"article\" \/>\n<meta property=\"og:title\" content=\"Seguimiento de celulares - Servicios Only\" \/>\n<meta property=\"og:description\" content=\"Control\u00e1 y monitore\u00e1 a tus empleados en la calle con software GPS para empresas. Registro de recorridos, geocercas, alertas y reportes autom\u00e1ticos.\" \/>\n<meta property=\"og:url\" content=\"https:\/\/serviciosonly.com\/en\/seguimiento-de-celulares\/\" \/>\n<meta property=\"og:site_name\" content=\"Servicios Only\" \/>\n<meta property=\"article:modified_time\" content=\"2026-03-23T01:55:25+00:00\" \/>\n<meta property=\"og:image\" content=\"https:\/\/serviciosonly.com\/wp-content\/uploads\/2025\/07\/monitoreo-de-celulares-control-de-empleados-en-la-calle-celulares-gps.webp\" \/>\n\t<meta property=\"og:image:width\" content=\"1200\" \/>\n\t<meta property=\"og:image:height\" content=\"628\" \/>\n\t<meta property=\"og:image:type\" content=\"image\/webp\" \/>\n<meta name=\"twitter:card\" content=\"summary_large_image\" \/>\n<meta name=\"twitter:label1\" content=\"Est. reading time\" \/>\n\t<meta name=\"twitter:data1\" content=\"3 minutes\" \/>\n<script type=\"application\/ld+json\" class=\"yoast-schema-graph\">{\"@context\":\"https:\\\/\\\/schema.org\",\"@graph\":[{\"@type\":\"WebPage\",\"@id\":\"https:\\\/\\\/serviciosonly.com\\\/seguimiento-de-celulares\\\/\",\"url\":\"https:\\\/\\\/serviciosonly.com\\\/seguimiento-de-celulares\\\/\",\"name\":\"Seguimiento de celulares - Servicios Only\",\"isPartOf\":{\"@id\":\"https:\\\/\\\/serviciosonly.com\\\/#website\"},\"primaryImageOfPage\":{\"@id\":\"https:\\\/\\\/serviciosonly.com\\\/seguimiento-de-celulares\\\/#primaryimage\"},\"image\":{\"@id\":\"https:\\\/\\\/serviciosonly.com\\\/seguimiento-de-celulares\\\/#primaryimage\"},\"thumbnailUrl\":\"https:\\\/\\\/serviciosonly.com\\\/wp-content\\\/uploads\\\/2025\\\/07\\\/monitoreo-de-celulares-control-de-empleados-en-la-calle-celulares-gps.webp\",\"datePublished\":\"2023-11-02T17:44:27+00:00\",\"dateModified\":\"2026-03-23T01:55:25+00:00\",\"description\":\"Control\u00e1 y monitore\u00e1 a tus empleados en la calle con software GPS para empresas. Registro de recorridos, geocercas, alertas y reportes autom\u00e1ticos.\",\"breadcrumb\":{\"@id\":\"https:\\\/\\\/serviciosonly.com\\\/seguimiento-de-celulares\\\/#breadcrumb\"},\"inLanguage\":\"en-US\",\"potentialAction\":[{\"@type\":\"ReadAction\",\"target\":[\"https:\\\/\\\/serviciosonly.com\\\/seguimiento-de-celulares\\\/\"]}]},{\"@type\":\"ImageObject\",\"inLanguage\":\"en-US\",\"@id\":\"https:\\\/\\\/serviciosonly.com\\\/seguimiento-de-celulares\\\/#primaryimage\",\"url\":\"https:\\\/\\\/serviciosonly.com\\\/wp-content\\\/uploads\\\/2025\\\/07\\\/monitoreo-de-celulares-control-de-empleados-en-la-calle-celulares-gps.webp\",\"contentUrl\":\"https:\\\/\\\/serviciosonly.com\\\/wp-content\\\/uploads\\\/2025\\\/07\\\/monitoreo-de-celulares-control-de-empleados-en-la-calle-celulares-gps.webp\",\"width\":1200,\"height\":628},{\"@type\":\"BreadcrumbList\",\"@id\":\"https:\\\/\\\/serviciosonly.com\\\/seguimiento-de-celulares\\\/#breadcrumb\",\"itemListElement\":[{\"@type\":\"ListItem\",\"position\":1,\"name\":\"Home\",\"item\":\"https:\\\/\\\/serviciosonly.com\\\/\"},{\"@type\":\"ListItem\",\"position\":2,\"name\":\"Seguimiento de celulares\"}]},{\"@type\":\"WebSite\",\"@id\":\"https:\\\/\\\/serviciosonly.com\\\/#website\",\"url\":\"https:\\\/\\\/serviciosonly.com\\\/\",\"name\":\"Servicios Only\",\"description\":\"Soluciones Inform\u00e1ticas\",\"publisher\":{\"@id\":\"https:\\\/\\\/serviciosonly.com\\\/#organization\"},\"potentialAction\":[{\"@type\":\"SearchAction\",\"target\":{\"@type\":\"EntryPoint\",\"urlTemplate\":\"https:\\\/\\\/serviciosonly.com\\\/?s={search_term_string}\"},\"query-input\":{\"@type\":\"PropertyValueSpecification\",\"valueRequired\":true,\"valueName\":\"search_term_string\"}}],\"inLanguage\":\"en-US\"},{\"@type\":\"Organization\",\"@id\":\"https:\\\/\\\/serviciosonly.com\\\/#organization\",\"name\":\"Servicios Only\",\"url\":\"https:\\\/\\\/serviciosonly.com\\\/\",\"logo\":{\"@type\":\"ImageObject\",\"inLanguage\":\"en-US\",\"@id\":\"https:\\\/\\\/serviciosonly.com\\\/#\\\/schema\\\/logo\\\/image\\\/\",\"url\":\"https:\\\/\\\/serviciosonly.com\\\/wp-content\\\/uploads\\\/2025\\\/08\\\/cropped-cropped-Soluciones-Informaticas.png\",\"contentUrl\":\"https:\\\/\\\/serviciosonly.com\\\/wp-content\\\/uploads\\\/2025\\\/08\\\/cropped-cropped-Soluciones-Informaticas.png\",\"width\":526,\"height\":139,\"caption\":\"Servicios Only\"},\"image\":{\"@id\":\"https:\\\/\\\/serviciosonly.com\\\/#\\\/schema\\\/logo\\\/image\\\/\"}}]}<\/script>\n<!-- \/ Yoast SEO plugin. -->","yoast_head_json":{"title":"Seguimiento de celulares - Servicios Only","description":"Control\u00e1 y monitore\u00e1 a tus empleados en la calle con software GPS para empresas. Registro de recorridos, geocercas, alertas y reportes autom\u00e1ticos.","robots":{"index":"index","follow":"follow","max-snippet":"max-snippet:-1","max-image-preview":"max-image-preview:large","max-video-preview":"max-video-preview:-1"},"canonical":"https:\/\/serviciosonly.com\/en\/seguimiento-de-celulares\/","og_locale":"en_US","og_type":"article","og_title":"Seguimiento de celulares - Servicios Only","og_description":"Control\u00e1 y monitore\u00e1 a tus empleados en la calle con software GPS para empresas. Registro de recorridos, geocercas, alertas y reportes autom\u00e1ticos.","og_url":"https:\/\/serviciosonly.com\/en\/seguimiento-de-celulares\/","og_site_name":"Servicios Only","article_modified_time":"2026-03-23T01:55:25+00:00","og_image":[{"width":1200,"height":628,"url":"https:\/\/serviciosonly.com\/wp-content\/uploads\/2025\/07\/monitoreo-de-celulares-control-de-empleados-en-la-calle-celulares-gps.webp","type":"image\/webp"}],"twitter_card":"summary_large_image","twitter_misc":{"Est. reading time":"3 minutes"},"schema":{"@context":"https:\/\/schema.org","@graph":[{"@type":"WebPage","@id":"https:\/\/serviciosonly.com\/seguimiento-de-celulares\/","url":"https:\/\/serviciosonly.com\/seguimiento-de-celulares\/","name":"Seguimiento de celulares - Servicios Only","isPartOf":{"@id":"https:\/\/serviciosonly.com\/#website"},"primaryImageOfPage":{"@id":"https:\/\/serviciosonly.com\/seguimiento-de-celulares\/#primaryimage"},"image":{"@id":"https:\/\/serviciosonly.com\/seguimiento-de-celulares\/#primaryimage"},"thumbnailUrl":"https:\/\/serviciosonly.com\/wp-content\/uploads\/2025\/07\/monitoreo-de-celulares-control-de-empleados-en-la-calle-celulares-gps.webp","datePublished":"2023-11-02T17:44:27+00:00","dateModified":"2026-03-23T01:55:25+00:00","description":"Control\u00e1 y monitore\u00e1 a tus empleados en la calle con software GPS para empresas. Registro de recorridos, geocercas, alertas y reportes autom\u00e1ticos.","breadcrumb":{"@id":"https:\/\/serviciosonly.com\/seguimiento-de-celulares\/#breadcrumb"},"inLanguage":"en-US","potentialAction":[{"@type":"ReadAction","target":["https:\/\/serviciosonly.com\/seguimiento-de-celulares\/"]}]},{"@type":"ImageObject","inLanguage":"en-US","@id":"https:\/\/serviciosonly.com\/seguimiento-de-celulares\/#primaryimage","url":"https:\/\/serviciosonly.com\/wp-content\/uploads\/2025\/07\/monitoreo-de-celulares-control-de-empleados-en-la-calle-celulares-gps.webp","contentUrl":"https:\/\/serviciosonly.com\/wp-content\/uploads\/2025\/07\/monitoreo-de-celulares-control-de-empleados-en-la-calle-celulares-gps.webp","width":1200,"height":628},{"@type":"BreadcrumbList","@id":"https:\/\/serviciosonly.com\/seguimiento-de-celulares\/#breadcrumb","itemListElement":[{"@type":"ListItem","position":1,"name":"Home","item":"https:\/\/serviciosonly.com\/"},{"@type":"ListItem","position":2,"name":"Seguimiento de celulares"}]},{"@type":"WebSite","@id":"https:\/\/serviciosonly.com\/#website","url":"https:\/\/serviciosonly.com\/","name":"Servicios Only","description":"Soluciones Inform\u00e1ticas","publisher":{"@id":"https:\/\/serviciosonly.com\/#organization"},"potentialAction":[{"@type":"SearchAction","target":{"@type":"EntryPoint","urlTemplate":"https:\/\/serviciosonly.com\/?s={search_term_string}"},"query-input":{"@type":"PropertyValueSpecification","valueRequired":true,"valueName":"search_term_string"}}],"inLanguage":"en-US"},{"@type":"Organization","@id":"https:\/\/serviciosonly.com\/#organization","name":"Servicios Only","url":"https:\/\/serviciosonly.com\/","logo":{"@type":"ImageObject","inLanguage":"en-US","@id":"https:\/\/serviciosonly.com\/#\/schema\/logo\/image\/","url":"https:\/\/serviciosonly.com\/wp-content\/uploads\/2025\/08\/cropped-cropped-Soluciones-Informaticas.png","contentUrl":"https:\/\/serviciosonly.com\/wp-content\/uploads\/2025\/08\/cropped-cropped-Soluciones-Informaticas.png","width":526,"height":139,"caption":"Servicios Only"},"image":{"@id":"https:\/\/serviciosonly.com\/#\/schema\/logo\/image\/"}}]}},"_links":{"self":[{"href":"https:\/\/serviciosonly.com\/en\/wp-json\/wp\/v2\/pages\/537","targetHints":{"allow":["GET"]}}],"collection":[{"href":"https:\/\/serviciosonly.com\/en\/wp-json\/wp\/v2\/pages"}],"about":[{"href":"https:\/\/serviciosonly.com\/en\/wp-json\/wp\/v2\/types\/page"}],"author":[{"embeddable":true,"href":"https:\/\/serviciosonly.com\/en\/wp-json\/wp\/v2\/users\/1"}],"replies":[{"embeddable":true,"href":"https:\/\/serviciosonly.com\/en\/wp-json\/wp\/v2\/comments?post=537"}],"version-history":[{"count":5,"href":"https:\/\/serviciosonly.com\/en\/wp-json\/wp\/v2\/pages\/537\/revisions"}],"predecessor-version":[{"id":3192,"href":"https:\/\/serviciosonly.com\/en\/wp-json\/wp\/v2\/pages\/537\/revisions\/3192"}],"wp:featuredmedia":[{"embeddable":true,"href":"https:\/\/serviciosonly.com\/en\/wp-json\/wp\/v2\/media\/1035"}],"wp:attachment":[{"href":"https:\/\/serviciosonly.com\/en\/wp-json\/wp\/v2\/media?parent=537"}],"curies":[{"name":"wp","href":"https:\/\/api.w.org\/{rel}","templated":true}]}}